{"id":2,"date":"2016-05-30T10:54:41","date_gmt":"2016-05-30T10:54:41","guid":{"rendered":"http:\/\/www.panoramamall.com\/beta\/?page_id=2"},"modified":"2019-10-13T01:28:26","modified_gmt":"2019-10-13T01:28:26","slug":"about-us","status":"publish","type":"page","link":"https:\/\/panoramamall.com\/es\/about-us\/","title":{"rendered":"About Us"},"content":{"rendered":"<div class=\"wpb_row vc_row  mk-fullwidth-false  attched-false    vc_row-fluid  js-master-row\">\n\t\t\n\t\t\t\n<div style=\"\" class=\"vc_col-sm-12 wpb_column column_container  _ height-full\">\n\t<div class=\"vc_empty_space\"  style=\"height: 40px\" ><span class=\"vc_empty_space_inner\"><\/span><\/div>\n\n<div id=\"text-block-1\" class=\"mk-text-block\">\n\n\t\n\t<p style=\"margin-top: 0pt; margin-bottom: 8pt; font-family: Calibri; font-size: 11.0pt;\">Ubicado en el noreste del Valle de San Fernando, en la concurrida intersecci\u00f3n de Roscoe y Van Nuys Boulevards, Panorama Mall ofrece una variedad de tiendas y restaurantes para toda tu familia. Desde las tiendas ancla Walmart y Curacao hasta The Children's Place, Aeropostale y Finish Line, lo encontrar\u00e1s todo bajo un mismo techo. S\u00edguenos en Facebook y visita nuestro sitio web para las \u00faltimas noticias sobre pr\u00f3ximos eventos y ofertas especiales.\u200b<\/p>\n\n\t<div class=\"clearboth\"><\/div>\n<\/div>\n<div class=\"vc_empty_space\"  style=\"height: 40px\" ><span class=\"vc_empty_space_inner\"><\/span><\/div>\n<\/div>\n\t<\/div>\n\n\n\n<div class=\"wpb_row vc_row  mk-fullwidth-false  attched-false    vc_row-fluid  js-master-row\">\n\t\t\n\t\t\t\n<div style=\"\" class=\"vc_col-sm-12 wpb_column column_container  _ height-full\">\n\t\n\t<div class=\"wpb_single_image wpb_content_element vc_align_left\">\n\t\t\n\t\t<figure class=\"wpb_wrapper vc_figure\">\n\t\t\t<div class=\"vc_single_image-wrapper   vc_box_border_grey\"><img width=\"1200\" height=\"663\" src=\"https:\/\/panoramamall.com\/wp-content\/uploads\/2016\/05\/sample.jpg\" class=\"vc_single_image-img attachment-full\" alt=\"\" loading=\"lazy\" srcset=\"https:\/\/panoramamall.com\/wp-content\/uploads\/2016\/05\/sample.jpg 1200w, https:\/\/panoramamall.com\/wp-content\/uploads\/2016\/05\/sample-300x166.jpg 300w, https:\/\/panoramamall.com\/wp-content\/uploads\/2016\/05\/sample-768x424.jpg 768w, https:\/\/panoramamall.com\/wp-content\/uploads\/2016\/05\/sample-1024x566.jpg 1024w, https:\/\/panoramamall.com\/wp-content\/uploads\/2016\/05\/sample-330x182.jpg 330w\" sizes=\"(max-width: 1200px) 100vw, 1200px\" \/><\/div>\n\t\t<\/figure>\n\t<\/div>\n<\/div>\n\t<\/div>","protected":false},"excerpt":{"rendered":"Located in the Northeast San Fernando Valley at the busy intersection of Roscoe and Van Nuys Boulevards, Panorama Mall offers a variety of shops and restaurants for your entire family. From anchors Walmart and Curacao to The Children\u2019s Place, Aeropostale\u00a0and\u00a0Finish Line, you\u2019ll find it under one roof. Follow us on Facebook and keep visiting our [...]","protected":false},"author":1,"featured_media":0,"parent":0,"menu_order":0,"comment_status":"open","ping_status":"open","template":"","meta":[],"_links":{"self":[{"href":"https:\/\/panoramamall.com\/es\/wp-json\/wp\/v2\/pages\/2"}],"collection":[{"href":"https:\/\/panoramamall.com\/es\/wp-json\/wp\/v2\/pages"}],"about":[{"href":"https:\/\/panoramamall.com\/es\/wp-json\/wp\/v2\/types\/page"}],"author":[{"embeddable":true,"href":"https:\/\/panoramamall.com\/es\/wp-json\/wp\/v2\/users\/1"}],"replies":[{"embeddable":true,"href":"https:\/\/panoramamall.com\/es\/wp-json\/wp\/v2\/comments?post=2"}],"version-history":[{"count":0,"href":"https:\/\/panoramamall.com\/es\/wp-json\/wp\/v2\/pages\/2\/revisions"}],"wp:attachment":[{"href":"https:\/\/panoramamall.com\/es\/wp-json\/wp\/v2\/media?parent=2"}],"curies":[{"name":"wp","href":"https:\/\/api.w.org\/{rel}","templated":true}]}}